{"id":504,"date":"2024-12-09T20:06:08","date_gmt":"2024-12-09T20:06:08","guid":{"rendered":"https:\/\/ninasigel.de\/cms\/?page_id=504"},"modified":"2025-11-30T14:48:35","modified_gmt":"2025-11-30T13:48:35","slug":"re-connect","status":"publish","type":"page","link":"https:\/\/ninasigel.de\/en\/re-connect\/","title":{"rendered":"Re-Connect - Coaching"},"content":{"rendered":"<h1 style=\"text-align: left;\">\u200b\u200bRe.Connect&nbsp;<\/h1>\n<h1 style=\"text-align: left;\">\u2727intuitively well connected <\/h1>\n<h2 style=\"\">From the Inside Out:<\/h2>\n<h2 style=\"\">The Power of a Genuine Connection<\/h2>\n<p style=\"\"><span style=\"font-size: 16px !important;\">You know those moments when something just feels off between you and your pet? They pull away, start acting in ways you don\u2019t understand, or it feels like there\u2019s this invisible wall between you. Frustrating, right? <span style=\"--tcb-applied-color: rgb(26, 28, 114)   !important; color: rgb(26, 28, 114) !important;\">But here\u2019s the truth \u2013 the problem usually isn\u2019t with your pet. \nNope, even if it might look that way. It starts with you. Your energy, your emotions, your inner balance \u2013 that\u2019s where it all begins.<\/span><\/span><\/p>\n<p style=\"\"><span style=\"font-size: 16px !important;\"><span style=\"color: rgb(26, 28, 114) !important;\"><span style=\"--tcb-applied-color: rgb(26, 28, 114) !important;\">I know exactly how that feels like. For the longest time, I was running on autopilot, ignoring my emotions and shoving them into a corner instead of giving them space. But here\u2019s the thing: what we repress doesn\u2019t just stay neatly tucked away. It spills out\u2014into our environment, into our relationships, and yes, onto our animals. It affects everything and everyone around us, whether we realize it or not. And let\u2019s be honest, it\u2019s not doing us any favors either.<\/span><\/span><\/span><\/p>\n<p><span style=\"--tcb-applied-color: rgb(26, 28, 114)     !important; color: rgb(26, 28, 114) !important; font-size: 16px !important;\">Animals are sensitive mirrors of our inner world \u2013 they reflect back to us where we are and what\u2019s still unresolved within us. It\u2019s both humbling and powerful. And the longer we ignore it, the greater the distance grows, not just between us and them, but within ourselves too. The good news? This is where the journey begins: <strong>You have the power to make a change \u2013 for your animal and for yourself. Now<\/strong>.<\/span><\/p>\n<p style=\"\"><span style=\"--tcb-applied-color: rgb(26, 28, 114)   !important; color: rgb(26, 28, 114) !important;\">With <em>\"<strong>Re-Connect - Stronger Together Within<\/strong>\"<\/em> you'll embark on a 6-week journey toward greater presence, confidence, and harmony - both within yourself and with your pet. Step by step, you'll discover how to:<\/span><\/p>\n<ul>\n<li style=\"\"><span style=\"color: rgb(26, 28, 114) !important;\"><span style=\"--tcb-applied-color: rgb(26, 28, 114) !important;\"><strong>Understand yourself better<\/strong> - and in doing so, connect with your animal on a deeper, clearer level.<\/span><\/span><\/li>\n<li style=\"\"><span style=\"color: rgb(26, 28, 114) !important;\"><span style=\"--tcb-applied-color: rgb(26, 28, 114) !important;\"><strong>Release emotional blockages<\/strong>- freeing yourself from what\u2019s been holding you back.<\/span><\/span><\/li>\n<li style=\"\"><span style=\"color: rgb(26, 28, 114) !important;\"><span style=\"--tcb-applied-color: rgb(26, 28, 114) !important;\"><strong>Deepen your connections<\/strong> - for a life filled with clarity, peace, and joy.<\/span><\/span><\/li>\n<\/ul>\n<p style=\"text-align: left;\"><span style=\"color: rgb(26, 28, 114) !important;\"><span style=\"--tcb-applied-color: rgb(26, 28, 114) !important;\"><strong>It's time to make a change. Your pet feels it. And deep down, so do you. &nbsp;<\/strong><\/span><\/span><span style=\"--tcb-applied-color: rgb(26, 28, 114)   !important; color: rgb(26, 28, 114) !important;\">Are you ready to take your connection to a whole new level? Let\u2019s start this journey together \u2013 book your discovery call now and take the first step.<\/span><\/p>\n<h2 style=\"\">Through Clarity to Connection ~<\/h2>\n<h2 style=\"\"><span>Turn<\/span><span>&nbsp;question marks into Confidence in just 6 weeks<\/span><\/h2>\n<p><span style=\"--tcb-applied-color: rgb(26, 28, 114)   !important; color: rgb(26, 28, 114) !important;\">Your pet is waiting for you - for that moment when you truly listen. Maybe you\u2019ve noticed it: a certain restlessness, a sense of distance, or a nagging feeling that something between you isn\u2019t quite aligning. Perhaps the pace of everyday life is catching up with you, or you sense that something within you is holding you back. Whatever it might be, your pet feels it too \u2013 and they\u2019re waiting for you to take the first step.<\/span><\/p>\n<p style=\"\"><span style=\"color: rgb(26, 28, 114) !important;\"><span style=\"--tcb-applied-color: rgb(26, 28, 114) !important;\">With <strong>\"Re-Connect - Stronger Together Within\"<\/strong> we\u2019ll embark on a transformative journey together \u2013 one that brings clarity and strengthens the bond between you and your pet in a profound and lasting way:<\/span><\/span><\/p>\n<ul>\n<li><span style=\"color: rgb(26, 28, 114) !important;\"><span style=\"--tcb-applied-color: rgb(26, 28, 114) !important;\"><strong>The First Step:<\/strong> A detailed&nbsp;<strong>Animal Communication<\/strong> reveals what your pet truly feels and needs. It\u2019s like opening a window into their world \u2013 the beginning of a deeper, more connected life together.<\/span><\/span><\/li>\n<li><span style=\"color: rgb(26, 28, 114) !important;\"><span style=\"--tcb-applied-color: rgb(26, 28, 114) !important;\"><strong>Deep Transformation:<\/strong> Week by week we'll <strong>release the blockages<\/strong>, that have been holding you back. The 4th week will be the <strong>Week of Transformation<\/strong> \u2013 an intense deep dive into your inner world where trust takes root and new closeness begins to flourish. It\u2019s your moment to rise, like a phoenix, stronger and more connected than ever before.<\/span><\/span><\/li>\n<li><span style=\"color: rgb(26, 28, 114) !important;\"><span style=\"--tcb-applied-color: rgb(26, 28, 114) !important;\"><strong>Long-Term Harmony:<\/strong> To conclude the coaching journey, the <strong>detailed update<\/strong>, provides a moment to reflect on how far you\u2019ve come together. It\u2019s also a time for integration, ensuring everything you\u2019ve learned is aligned with your daily life. You\u2019ll leave equipped with clear routines, practical techniques, and exercises to strengthen, sustain, and fully integrate your connection moving forward.<\/span><\/span><\/li>\n<\/ul>\n<p style=\"\"><span style=\"color: rgb(26, 28, 114) !important;\"><span style=\"--tcb-applied-color: rgb(26, 28, 114) !important;\"><strong>A clear path. A tangible change. A connection that lasts.<\/strong><\/span><\/span><\/p>\n<p style=\"\"><strong><span style=\"--tcb-applied-color: rgb(26, 28, 114)   !important; color: rgb(26, 28, 114) !important;\">Now is the time to begin your journey.&nbsp;<\/span><\/strong><\/p>\n<p><span><img decoding=\"async\" alt=\"\" data-id=\"123\" width=\"1396\" data-init-width=\"1920\" height=\"196\" data-init-height=\"269\" title=\"deco lines bg\" loading=\"lazy\" src=\"\/\/ninasigel.de\/cms\/wp-content\/uploads\/tcb_lp_templates\/templates\/css\/images\/deco-lines-bg.png\" data-width=\"1396\" data-height=\"196\" style=\"aspect-ratio: auto 1920 \/ 269;\"><\/span><\/p>\n<h2 style=\"\">Personalized Support, individually tailored ~&nbsp;<\/h2>\n<h2 style=\"\">&nbsp;Clear, Powerful and Unique<\/h2>\n<p style=\"\">Imagine discovering a path designed exclusively for you and your animal. No distractions, no one-size-fits-all program\u2014just pure clarity, personalized support, and transformation you can truly feel.<\/p>\n<p style=\"\">What makes <strong>&#8222;Re-Connect \u2013 tierisch gut verbunden\u201c<\/strong> so special?<\/p>\n<p style=\"\">\u2728 <strong>6-Week Transformation:<\/strong>A clear, structured path that guides you step by step toward a deep, lasting connection and emotional harmony with your animal.<\/p>\n<p style=\"\">\u2728 <strong>Deep Insights Through Animal Communication:<\/strong>At the very start, you\u2019ll receive a detailed animal communication session, revealing where both you and your animal stand emotionally and what your pet truly wants to share with you.<\/p>\n<p style=\"\">\u2728 <strong>1:1 Support With Full Focus:<\/strong>Through intensive one-on-one sessions, we\u2019ll work directly on your unique challenges, creating clarity and space for meaningful, lasting change \u2013 personalized, focused, and sustainable.*<\/p>\n<p style=\"\">\u2728 <strong>Final Energy Check-In:<\/strong>To complete your journey, you\u2019ll receive a short energetic check-in with your animal. You\u2019ll leave with clarity, renewed confidence, and practical routines to maintain your connection into the future.<\/p>\n<p style=\"\"><strong>\"Re-Connect\" is your invitation to a 6-week adventure\u2014 where clarity meets connection, and change feels real, lasting, and uniquely yours.<\/strong><\/p>\n<p style=\"text-align: left;\">*Um diesen Fokus und die Qualit\u00e4t der energetischen Arbeit zu gew\u00e4hrleisten, nehme ich maximal 3 Coaching &#8211; Klienten gleichzeitig an.<\/p>\n\n\n<p><\/p>","protected":false},"excerpt":{"rendered":"<p>\u200b\u200bRe.Connect&nbsp; \u2727tierisch gut verbunden Von Innen nach Au\u00dfen: Die Kraft einer echten Verbindung Du sp\u00fcrst es. Diese Momente, in denen etwas zwischen dir und deinem Tier nicht stimmt. Es zieht sich zur\u00fcck, zeigt Verhaltensweisen, die du nicht verstehst, oder du f\u00fchlst, dass eine unsichtbare Wand zwischen euch steht. Doch das Problem liegt meistens nicht bei [&hellip;]<\/p>\n","protected":false},"author":2,"featured_media":0,"parent":0,"menu_order":0,"comment_status":"closed","ping_status":"closed","template":"","meta":{"footnotes":"","tve_updated_post":"","tve_custom_css":"","tve_user_custom_css":"","tve_globals":{},"tcb2_ready":1,"tcb_editor_enabled":1,"tve_landing_page":"21d71340e6689759fbe777ff4275e7aa","_tve_header":"0","_tve_footer":"88"},"class_list":["post-504","page","type-page","status-publish","hentry","post-wrapper","thrv_wrapper"],"yoast_head":"<!-- This site is optimized with the Yoast SEO plugin v27.5 - https:\/\/yoast.com\/product\/yoast-seo-wordpress\/ -->\n<title>Re-Connect - Coaching - Nina Sigel - Soulful Coaching &amp; Tierkommunikation<\/title>\n<meta name=\"robots\" content=\"index, follow, max-snippet:-1, max-image-preview:large, max-video-preview:-1\" \/>\n<link rel=\"canonical\" href=\"https:\/\/ninasigel.de\/en\/re-connect\/\" \/>\n<meta property=\"og:locale\" content=\"en_GB\" \/>\n<meta property=\"og:type\" content=\"article\" \/>\n<meta property=\"og:title\" content=\"Re-Connect - Coaching - Nina Sigel - Soulful Coaching &amp; Tierkommunikation\" \/>\n<meta property=\"og:description\" content=\"\u200b\u200bRe.Connect&nbsp; \u2727tierisch gut verbunden Von Innen nach Au\u00dfen: Die Kraft einer echten Verbindung Du sp\u00fcrst es. Diese Momente, in denen etwas zwischen dir und deinem Tier nicht stimmt. Es zieht sich zur\u00fcck, zeigt Verhaltensweisen, die du nicht verstehst, oder du f\u00fchlst, dass eine unsichtbare Wand zwischen euch steht. Doch das Problem liegt meistens nicht bei [&hellip;]\" \/>\n<meta property=\"og:url\" content=\"https:\/\/ninasigel.de\/en\/re-connect\/\" \/>\n<meta property=\"og:site_name\" content=\"Nina Sigel - Soulful Coaching &amp; Tierkommunikation\" \/>\n<meta property=\"article:modified_time\" content=\"2025-11-30T13:48:35+00:00\" \/>\n<meta name=\"twitter:card\" content=\"summary_large_image\" \/>\n<meta name=\"twitter:label1\" content=\"Estimated reading time\" \/>\n\t<meta name=\"twitter:data1\" content=\"4 minutes\" \/>\n<script type=\"application\/ld+json\" class=\"yoast-schema-graph\">{\"@context\":\"https:\\\/\\\/schema.org\",\"@graph\":[{\"@type\":\"WebPage\",\"@id\":\"https:\\\/\\\/ninasigel.de\\\/re-connect\\\/\",\"url\":\"https:\\\/\\\/ninasigel.de\\\/re-connect\\\/\",\"name\":\"Re-Connect - Coaching - Nina Sigel - Soulful Coaching &amp; Tierkommunikation\",\"isPartOf\":{\"@id\":\"https:\\\/\\\/ninasigel.de\\\/#website\"},\"datePublished\":\"2024-12-09T20:06:08+00:00\",\"dateModified\":\"2025-11-30T13:48:35+00:00\",\"breadcrumb\":{\"@id\":\"https:\\\/\\\/ninasigel.de\\\/re-connect\\\/#breadcrumb\"},\"inLanguage\":\"en-GB\",\"potentialAction\":[{\"@type\":\"ReadAction\",\"target\":[\"https:\\\/\\\/ninasigel.de\\\/re-connect\\\/\"]}]},{\"@type\":\"BreadcrumbList\",\"@id\":\"https:\\\/\\\/ninasigel.de\\\/re-connect\\\/#breadcrumb\",\"itemListElement\":[{\"@type\":\"ListItem\",\"position\":1,\"name\":\"Startseite\",\"item\":\"https:\\\/\\\/ninasigel.de\\\/\"},{\"@type\":\"ListItem\",\"position\":2,\"name\":\"Re-Connect &#8211; Coaching\"}]},{\"@type\":\"WebSite\",\"@id\":\"https:\\\/\\\/ninasigel.de\\\/#website\",\"url\":\"https:\\\/\\\/ninasigel.de\\\/\",\"name\":\"Nina Sigel - Soulful Coaching &amp; Tierkommunikation\",\"description\":\"Soulful Coaching f\u00fcr emotionale Klarheit und Selbstf\u00fchrung f\u00fcr Mensch und Tier\",\"potentialAction\":[{\"@type\":\"SearchAction\",\"target\":{\"@type\":\"EntryPoint\",\"urlTemplate\":\"https:\\\/\\\/ninasigel.de\\\/?s={search_term_string}\"},\"query-input\":{\"@type\":\"PropertyValueSpecification\",\"valueRequired\":true,\"valueName\":\"search_term_string\"}}],\"inLanguage\":\"en-GB\"}]}<\/script>\n<!-- \/ Yoast SEO plugin. -->","yoast_head_json":{"title":"Re-Connect - Coaching - Nina Sigel - Soulful Coaching &amp; Animal Communication","robots":{"index":"index","follow":"follow","max-snippet":"max-snippet:-1","max-image-preview":"max-image-preview:large","max-video-preview":"max-video-preview:-1"},"canonical":"https:\/\/ninasigel.de\/en\/re-connect\/","og_locale":"en_GB","og_type":"article","og_title":"Re-Connect - Coaching - Nina Sigel - Soulful Coaching &amp; Tierkommunikation","og_description":"\u200b\u200bRe.Connect&nbsp; \u2727tierisch gut verbunden Von Innen nach Au\u00dfen: Die Kraft einer echten Verbindung Du sp\u00fcrst es. Diese Momente, in denen etwas zwischen dir und deinem Tier nicht stimmt. Es zieht sich zur\u00fcck, zeigt Verhaltensweisen, die du nicht verstehst, oder du f\u00fchlst, dass eine unsichtbare Wand zwischen euch steht. Doch das Problem liegt meistens nicht bei [&hellip;]","og_url":"https:\/\/ninasigel.de\/en\/re-connect\/","og_site_name":"Nina Sigel - Soulful Coaching &amp; Tierkommunikation","article_modified_time":"2025-11-30T13:48:35+00:00","twitter_card":"summary_large_image","twitter_misc":{"Estimated reading time":"4 minutes"},"schema":{"@context":"https:\/\/schema.org","@graph":[{"@type":"WebPage","@id":"https:\/\/ninasigel.de\/re-connect\/","url":"https:\/\/ninasigel.de\/re-connect\/","name":"Re-Connect - Coaching - Nina Sigel - Soulful Coaching &amp; Animal Communication","isPartOf":{"@id":"https:\/\/ninasigel.de\/#website"},"datePublished":"2024-12-09T20:06:08+00:00","dateModified":"2025-11-30T13:48:35+00:00","breadcrumb":{"@id":"https:\/\/ninasigel.de\/re-connect\/#breadcrumb"},"inLanguage":"en-GB","potentialAction":[{"@type":"ReadAction","target":["https:\/\/ninasigel.de\/re-connect\/"]}]},{"@type":"BreadcrumbList","@id":"https:\/\/ninasigel.de\/re-connect\/#breadcrumb","itemListElement":[{"@type":"ListItem","position":1,"name":"Startseite","item":"https:\/\/ninasigel.de\/"},{"@type":"ListItem","position":2,"name":"Re-Connect &#8211; Coaching"}]},{"@type":"WebSite","@id":"https:\/\/ninasigel.de\/#website","url":"https:\/\/ninasigel.de\/","name":"Nina Sigel - Soulful Coaching &amp; Animal Communication","description":"Soulful coaching for emotional clarity and self-management for humans and animals","potentialAction":[{"@type":"SearchAction","target":{"@type":"EntryPoint","urlTemplate":"https:\/\/ninasigel.de\/?s={search_term_string}"},"query-input":{"@type":"PropertyValueSpecification","valueRequired":true,"valueName":"search_term_string"}}],"inLanguage":"en-GB"}]}},"_links":{"self":[{"href":"https:\/\/ninasigel.de\/en\/wp-json\/wp\/v2\/pages\/504","targetHints":{"allow":["GET"]}}],"collection":[{"href":"https:\/\/ninasigel.de\/en\/wp-json\/wp\/v2\/pages"}],"about":[{"href":"https:\/\/ninasigel.de\/en\/wp-json\/wp\/v2\/types\/page"}],"author":[{"embeddable":true,"href":"https:\/\/ninasigel.de\/en\/wp-json\/wp\/v2\/users\/2"}],"replies":[{"embeddable":true,"href":"https:\/\/ninasigel.de\/en\/wp-json\/wp\/v2\/comments?post=504"}],"version-history":[{"count":87,"href":"https:\/\/ninasigel.de\/en\/wp-json\/wp\/v2\/pages\/504\/revisions"}],"predecessor-version":[{"id":2091,"href":"https:\/\/ninasigel.de\/en\/wp-json\/wp\/v2\/pages\/504\/revisions\/2091"}],"wp:attachment":[{"href":"https:\/\/ninasigel.de\/en\/wp-json\/wp\/v2\/media?parent=504"}],"curies":[{"name":"wp","href":"https:\/\/api.w.org\/{rel}","templated":true}]}}