{"id":410,"date":"2024-11-28T20:50:57","date_gmt":"2024-11-28T20:50:57","guid":{"rendered":"https:\/\/ninasigel.de\/cms\/?page_id=410"},"modified":"2025-11-30T16:41:11","modified_gmt":"2025-11-30T15:41:11","slug":"harmony-in-dialogue-animal-communication","status":"publish","type":"page","link":"https:\/\/ninasigel.de\/en\/harmonie-im-dialog-tierkommunikation\/","title":{"rendered":"Animal Communication"},"content":{"rendered":"<h1 style=\"text-align: left;\"><span style=\"--tcb-applied-color: rgb(26, 28, 114)   !important; color: rgb(26, 28, 114) !important;\"><\/span><span style=\"--tcb-applied-color: rgb(26, 28, 114)   !important; color: rgb(26, 28, 114) !important;\"><span style=\"font-size: 42px !important;\">\u2727<\/span>Animal Communication <span style=\"font-size: 42px !important;\">\u2727<\/span><\/span><\/h1>\n<h2 style=\"text-align: center;\"><span style=\"--tcb-applied-color: rgb(12, 110, 110)   !important; color: rgb(12, 110, 110) !important;\">When Clarity and Heart Come Together&nbsp;<\/span><\/h2>\n<p style=\"\"><span style=\"--tcb-applied-color: rgb(26, 28, 114)   !important; color: rgb(26, 28, 114) !important;\">Your pet is an important part of your family - but sometimes there are situations in which you don't fully understand its behaviour or wish it could tell you directly what it needs. This is exactly where animal communication comes in: It helps you to recognise your pet's thoughts and feelings, resolve misunderstandings and bring more harmony into your life together.<\/span><\/p>\n<h5 data-empty=\"true\"><strong>Who is it suitable for?<\/strong><\/h5>\n<ul>\n<li><span style=\"font-size: 16px !important; --tcb-applied-color: rgb(26, 28, 114)   !important; color: rgb(26, 28, 114) !important;\"><strong data-end=\"607\" data-start=\"587\">Animal owners<\/strong>who want to learn more about the behaviour and needs of their pet.<\/span><\/li>\n<li><span style=\"color: rgb(26, 28, 114) !important;\"><span style=\"--tcb-applied-color: rgb(26, 28, 114) !important;\"><span style=\"font-size: 16px !important;\"><strong data-end=\"742\" data-start=\"693\">People who experience changes in everyday life<\/strong> (e.g. relocation, holiday, new family, loss).<\/span><\/span><\/span><\/li>\n<li><span style=\"font-size: 16px !important; --tcb-applied-color: rgb(26, 28, 114)   !important; color: rgb(26, 28, 114) !important;\"><strong data-end=\"841\" data-start=\"794\">Anyone who wants to understand their pet better<\/strong>to establish a deeper connection.<\/span><\/li>\n<\/ul>\n<h5><strong>When can animal communication help?<\/strong><\/h5>\n<ul>\n<li><strong><span style=\"--tcb-applied-color: rgb(26, 28, 114)   !important; color: rgb(26, 28, 114) !important;\"><strong data-end=\"957\" data-start=\"933\">Behavioural changes<\/strong> <\/span><\/strong><span style=\"--tcb-applied-color: rgb(26, 28, 114)   !important; color: rgb(26, 28, 114) !important;\">- Is your pet suddenly showing fear, aggression, restlessness or withdrawal? We'll find out what's behind it.<\/span><\/li>\n<li><span style=\"color: rgb(26, 28, 114) !important;\"><span style=\"--tcb-applied-color: rgb(26, 28, 114) !important;\"><strong>Changes in everyday life <\/strong>- Whether it's a move, a holiday, a new family member or a new environment - change can cause stress.<\/span><\/span><\/li>\n<li><span style=\"color: rgb(26, 28, 114) !important;\"><span style=\"--tcb-applied-color: rgb(26, 28, 114) !important;\"><strong>Health topics <\/strong>- Your pet seems unwell and you want to know how it feels? <em data-end=\"1368\" data-start=\"1293\">&nbsp;(Animal communication does not replace a vet, but gives valuable impulses).<\/em><\/span><\/span><\/li>\n<li><span style=\"--tcb-applied-color: rgb(26, 28, 114)   !important; color: rgb(26, 28, 114) !important;\"><strong>Animals from animal welfare <\/strong>- Unknown history? Traumatic experiences? Communication can help to understand fears and blockages.<\/span><\/li>\n<\/ul>\n<h5><strong>This is how it works:<\/strong><\/h5>\n<ul>\n<li style=\"\">Your questions:<span> <span style=\"font-weight: normal;\">Think of up to seven questions you would like to ask your pet. Whether emotional needs, behaviour or well-being - everything is welcome.<\/span><\/span><\/li>\n<li><span><span><strong>The communication<\/strong><strong>:<\/strong> I connect with your animal on an energetic level and translate its thoughts, feelings and answers to your questions.<\/span><\/span><\/li>\n<li><span><span><strong>The Follow-Up:&nbsp;<\/strong> We discuss the results in an online appointment.&nbsp;<\/span><span><em data-end=\"1368\" data-start=\"1293\"><\/em><\/span><\/span><\/li>\n<li><span><strong>Written summary:&nbsp;<\/strong> You will then receive a detailed PDF with all the insights - for you to read and reflect on. <\/span><\/li>\n<li><span><span><strong>Two weeks of remote support:&nbsp;<\/strong>After the consultation, I will accompany you via WhatsApp\/Telegram to deepen your insights, clarify questions and celebrate successes.<\/span><\/span><\/li>\n<\/ul>\n<p><strong>Ready to dive in?<span> <\/span><\/strong><span>Then let's get to know each other. &nbsp;<\/span><\/p>\n<p><span style=\"\"><img decoding=\"async\" alt=\"\" data-id=\"123\" width=\"1300\" data-init-width=\"1920\" height=\"182\" data-init-height=\"269\" title=\"deco lines bg\" loading=\"lazy\" src=\"\/\/ninasigel.de\/cms\/wp-content\/uploads\/tcb_lp_templates\/templates\/css\/images\/deco-lines-bg.png\" data-width=\"1300\" data-height=\"182\" style=\"aspect-ratio: auto 1920 \/ 269;\" mt-d=\"-2\" ml-d=\"0\"><\/span><\/p>\n<h2 style=\"\">Harmony and trust through deep connection<\/h2>\n<h3 style=\"text-align: center;\"><span>- Your path to a new togetherness<\/span><\/h3>\n<p><span><img decoding=\"async\" alt=\"\" data-id=\"524\" width=\"635\" data-init-width=\"1707\" height=\"952\" data-init-height=\"2560\" title=\"jonas-vincent-xulIYVIbYIc-unsplash\" loading=\"lazy\" src=\"https:\/\/ninasigel.de\/cms\/wp-content\/uploads\/2024\/12\/jonas-vincent-xulIYVIbYIc-unsplash-scaled.jpg\" data-width=\"635\" data-height=\"952\" style=\"aspect-ratio: auto 1707 \/ 2560;\"><\/span><\/p>\n<h4 style=\"font-size: 35px !important; text-align: left;\">Cultivate relaxation<\/h4>\n<p style=\"text-align: left;\">With the help of animal communication, you will learn to better understand your pet's signals and consciously respond to them.  Small mindfulness exercises and simple techniques promote calm and well-being - for more balance on both sides.<\/p>\n<h4 style=\"font-size: 35px !important; text-align: center;\">Strengthening trust - real understanding<\/h4>\n<p style=\"text-align: left;\">True harmony is created through mutual understanding. Animal communication enables you to clearly recognise your pet's needs and feelings. This creates a basis for harmonious co-operation, strengthens your relationship and reduces insecurities.<\/p>\n<h4 style=\"font-size: 35px !important; text-align: center;\"><span style=\"\">Deep connection - sustainable benefits<\/span><\/h4>\n<p style=\"\">Through animal communication you open the door to a completely new level of relationship. This work makes it possible for you:<\/p>\n<ul>\n<li style=\"\"><strong>Clarity<\/strong> about the needs and wishes of your pet.<\/li>\n<li style=\"\"><strong>Harmony<\/strong> into your daily life together.<\/li>\n<li style=\"\"><strong>Decisions<\/strong> that are good for both of you.<\/li>\n<li style=\"\"><strong>Transformation<\/strong>This connection not only changes your animal, but also yourself - more inner peace, joy and presence.<\/li>\n<\/ul>\n<h4 style=\"font-size: 35px !important; text-align: left;\">How my work supports you:<\/h4>\n<p>With my offer I accompany you from the first question to the realisation:<\/p>\n<p tve-u-1943cce951d\"\"=\"\" style=\"color: rgb(26, 28, 114) !important; --tcb-applied-color: rgb(26, 28, 114)  !important;\"><strong>Personalised animal communication:<\/strong> We specifically address your issues - be it behaviour, health or emotional blockages.<\/p>\n<p tve-u-1943cce951d\"\"=\"\"><strong><span style=\"--tcb-applied-color: rgb(26, 28, 114)   !important; color: rgb(26, 28, 114) !important;\">Joint reflection:<\/span><\/strong><span style=\"color: rgb(26, 28, 114) !important;\"><span style=\"--tcb-applied-color: rgb(26, 28, 114) !important;\"><span><span> In our conversation (via Zoom, WhatsApp or Telegram), we discuss the results and work out practical next steps.<\/span><\/span><\/span><\/span><\/p>\n<p ><span style=\"color: rgb(26, 28, 114) !important;\"><span style=\"--tcb-applied-color: rgb(26, 28, 114) !important;\"><span><strong>Written accompaniment:<\/strong> You will receive a PDF containing all the findings - so you can refer back to it at any time.<\/span><\/span><\/span><\/p>\n<p tve-u-1943cce9523\"\"=\"\" style=\"\"><span style=\"--tcb-applied-color: rgb(26, 28, 114)   !important; color: rgb(26, 28, 114) !important;\"><strong>Sustainable added value:<\/strong> My method combines practical tips with emotional depth that way you benefit from our collaboration in the long term.<\/span><\/p>\n<h4 style=\"font-size: 35px !important; text-align: left;\">Why it works for you and your pet:<\/h4>\n<p tve-u-1943cd363bf\"\"=\"\" style=\"\"><strong>Holistic approach:<\/strong> I combine intuitive animal communication with mindfulness and reflection exercises for you.<\/p>\n<p tve-u-1943cd363c2\"\"=\"\" style=\"\"><strong>Customised solutions:<\/strong> Every animal and every person is unique. My approach is tailored to your personal situation.<\/p>\n<p tve-u-1943cd363c3\"\"=\"\" style=\"\"><strong>Sustainable results:<\/strong> This work creates clarity and strengthens your connection - for today and in the future.<\/p>\n<p><span style=\"\"><img decoding=\"async\" alt=\"dog reading book during daytime\" data-id=\"1018\" width=\"635\" data-init-width=\"1080\" height=\"990\" data-init-height=\"1684\" title=\"Photo by 2Photo Pots\" loading=\"lazy\" src=\"https:\/\/ninasigel.de\/cms\/wp-content\/uploads\/2025\/01\/X1RQ3b6ZhUs.jpg\" data-width=\"635\" data-height=\"990\" style=\"aspect-ratio: auto 1080 \/ 1684;\" ml-t=\"0\" mt-t=\"-0.049999999999954525\" mt-m=\"-146\" ml-m=\"0\" center-v-m=\"false\" ml-d=\"0\" mt-d=\"0\" center-h-d=\"false\" center-v-d=\"false\"><\/span><\/p>","protected":false},"excerpt":{"rendered":"<p>\u2727Tierkommunikation \u2727 Klarheit und Herz verbinden sich&nbsp; Dein Tier ist ein wichtiger Teil deiner Familie \u2013 doch manchmal gibt es Situationen, in denen du sein Verhalten nicht ganz verstehst oder dir w\u00fcnschst, es k\u00f6nnte dir direkt sagen, was es braucht. Genau hier setzt die Tierkommunikation an: Sie hilft dir, die Gedanken und Gef\u00fchle deines Tieres [&hellip;]<\/p>\n","protected":false},"author":2,"featured_media":0,"parent":0,"menu_order":0,"comment_status":"closed","ping_status":"closed","template":"","meta":{"footnotes":"","tve_updated_post":"","tve_custom_css":"","tve_user_custom_css":"","tve_globals":{},"tcb2_ready":1,"tcb_editor_enabled":1,"tve_landing_page":"21d71340e6689759fbe777ff4275e7aa","_tve_header":"2159","_tve_footer":"88"},"class_list":["post-410","page","type-page","status-publish","hentry","post-wrapper","thrv_wrapper"],"yoast_head":"<!-- This site is optimized with the Yoast SEO plugin v27.5 - https:\/\/yoast.com\/product\/yoast-seo-wordpress\/ -->\n<title>Tierkommunikation - Nina Sigel - Soulful Coaching &amp; Tierkommunikation<\/title>\n<meta name=\"robots\" content=\"index, follow, max-snippet:-1, max-image-preview:large, max-video-preview:-1\" \/>\n<link rel=\"canonical\" href=\"https:\/\/ninasigel.de\/en\/harmony-in-dialogue-animal-communication\/\" \/>\n<meta property=\"og:locale\" content=\"en_GB\" \/>\n<meta property=\"og:type\" content=\"article\" \/>\n<meta property=\"og:title\" content=\"Tierkommunikation - Nina Sigel - Soulful Coaching &amp; Tierkommunikation\" \/>\n<meta property=\"og:description\" content=\"\u2727Tierkommunikation \u2727 Klarheit und Herz verbinden sich&nbsp; Dein Tier ist ein wichtiger Teil deiner Familie \u2013 doch manchmal gibt es Situationen, in denen du sein Verhalten nicht ganz verstehst oder dir w\u00fcnschst, es k\u00f6nnte dir direkt sagen, was es braucht. Genau hier setzt die Tierkommunikation an: Sie hilft dir, die Gedanken und Gef\u00fchle deines Tieres [&hellip;]\" \/>\n<meta property=\"og:url\" content=\"https:\/\/ninasigel.de\/en\/harmony-in-dialogue-animal-communication\/\" \/>\n<meta property=\"og:site_name\" content=\"Nina Sigel - Soulful Coaching &amp; Tierkommunikation\" \/>\n<meta property=\"article:modified_time\" content=\"2025-11-30T15:41:11+00:00\" \/>\n<meta property=\"og:image\" content=\"https:\/\/ninasigel.de\/cms\/wp-content\/uploads\/2024\/12\/jonas-vincent-xulIYVIbYIc-unsplash-scaled.jpg\" \/>\n<meta name=\"twitter:card\" content=\"summary_large_image\" \/>\n<meta name=\"twitter:label1\" content=\"Estimated reading time\" \/>\n\t<meta name=\"twitter:data1\" content=\"3 minutes\" \/>\n<script type=\"application\/ld+json\" class=\"yoast-schema-graph\">{\"@context\":\"https:\\\/\\\/schema.org\",\"@graph\":[{\"@type\":\"WebPage\",\"@id\":\"https:\\\/\\\/ninasigel.de\\\/harmonie-im-dialog-tierkommunikation\\\/\",\"url\":\"https:\\\/\\\/ninasigel.de\\\/harmonie-im-dialog-tierkommunikation\\\/\",\"name\":\"Tierkommunikation - Nina Sigel - Soulful Coaching &amp; Tierkommunikation\",\"isPartOf\":{\"@id\":\"https:\\\/\\\/ninasigel.de\\\/#website\"},\"primaryImageOfPage\":{\"@id\":\"https:\\\/\\\/ninasigel.de\\\/harmonie-im-dialog-tierkommunikation\\\/#primaryimage\"},\"image\":{\"@id\":\"https:\\\/\\\/ninasigel.de\\\/harmonie-im-dialog-tierkommunikation\\\/#primaryimage\"},\"thumbnailUrl\":\"https:\\\/\\\/ninasigel.de\\\/cms\\\/wp-content\\\/uploads\\\/2024\\\/12\\\/jonas-vincent-xulIYVIbYIc-unsplash-scaled.jpg\",\"datePublished\":\"2024-11-28T20:50:57+00:00\",\"dateModified\":\"2025-11-30T15:41:11+00:00\",\"breadcrumb\":{\"@id\":\"https:\\\/\\\/ninasigel.de\\\/harmonie-im-dialog-tierkommunikation\\\/#breadcrumb\"},\"inLanguage\":\"en-GB\",\"potentialAction\":[{\"@type\":\"ReadAction\",\"target\":[\"https:\\\/\\\/ninasigel.de\\\/harmonie-im-dialog-tierkommunikation\\\/\"]}]},{\"@type\":\"ImageObject\",\"inLanguage\":\"en-GB\",\"@id\":\"https:\\\/\\\/ninasigel.de\\\/harmonie-im-dialog-tierkommunikation\\\/#primaryimage\",\"url\":\"https:\\\/\\\/ninasigel.de\\\/cms\\\/wp-content\\\/uploads\\\/2024\\\/12\\\/jonas-vincent-xulIYVIbYIc-unsplash-scaled.jpg\",\"contentUrl\":\"https:\\\/\\\/ninasigel.de\\\/cms\\\/wp-content\\\/uploads\\\/2024\\\/12\\\/jonas-vincent-xulIYVIbYIc-unsplash-scaled.jpg\"},{\"@type\":\"BreadcrumbList\",\"@id\":\"https:\\\/\\\/ninasigel.de\\\/harmonie-im-dialog-tierkommunikation\\\/#breadcrumb\",\"itemListElement\":[{\"@type\":\"ListItem\",\"position\":1,\"name\":\"Startseite\",\"item\":\"https:\\\/\\\/ninasigel.de\\\/\"},{\"@type\":\"ListItem\",\"position\":2,\"name\":\"Tierkommunikation\"}]},{\"@type\":\"WebSite\",\"@id\":\"https:\\\/\\\/ninasigel.de\\\/#website\",\"url\":\"https:\\\/\\\/ninasigel.de\\\/\",\"name\":\"Nina Sigel - Soulful Coaching &amp; Tierkommunikation\",\"description\":\"Soulful Coaching f\u00fcr emotionale Klarheit und Selbstf\u00fchrung f\u00fcr Mensch und Tier\",\"potentialAction\":[{\"@type\":\"SearchAction\",\"target\":{\"@type\":\"EntryPoint\",\"urlTemplate\":\"https:\\\/\\\/ninasigel.de\\\/?s={search_term_string}\"},\"query-input\":{\"@type\":\"PropertyValueSpecification\",\"valueRequired\":true,\"valueName\":\"search_term_string\"}}],\"inLanguage\":\"en-GB\"}]}<\/script>\n<!-- \/ Yoast SEO plugin. -->","yoast_head_json":{"title":"Animal Communication - Nina Sigel - Soulful Coaching &amp; Animal Communication","robots":{"index":"index","follow":"follow","max-snippet":"max-snippet:-1","max-image-preview":"max-image-preview:large","max-video-preview":"max-video-preview:-1"},"canonical":"https:\/\/ninasigel.de\/en\/harmony-in-dialogue-animal-communication\/","og_locale":"en_GB","og_type":"article","og_title":"Tierkommunikation - Nina Sigel - Soulful Coaching &amp; Tierkommunikation","og_description":"\u2727Tierkommunikation \u2727 Klarheit und Herz verbinden sich&nbsp; Dein Tier ist ein wichtiger Teil deiner Familie \u2013 doch manchmal gibt es Situationen, in denen du sein Verhalten nicht ganz verstehst oder dir w\u00fcnschst, es k\u00f6nnte dir direkt sagen, was es braucht. Genau hier setzt die Tierkommunikation an: Sie hilft dir, die Gedanken und Gef\u00fchle deines Tieres [&hellip;]","og_url":"https:\/\/ninasigel.de\/en\/harmony-in-dialogue-animal-communication\/","og_site_name":"Nina Sigel - Soulful Coaching &amp; Tierkommunikation","article_modified_time":"2025-11-30T15:41:11+00:00","og_image":[{"url":"https:\/\/ninasigel.de\/cms\/wp-content\/uploads\/2024\/12\/jonas-vincent-xulIYVIbYIc-unsplash-scaled.jpg","type":"","width":"","height":""}],"twitter_card":"summary_large_image","twitter_misc":{"Estimated reading time":"3 minutes"},"schema":{"@context":"https:\/\/schema.org","@graph":[{"@type":"WebPage","@id":"https:\/\/ninasigel.de\/harmonie-im-dialog-tierkommunikation\/","url":"https:\/\/ninasigel.de\/harmonie-im-dialog-tierkommunikation\/","name":"Animal Communication - Nina Sigel - Soulful Coaching &amp; Animal Communication","isPartOf":{"@id":"https:\/\/ninasigel.de\/#website"},"primaryImageOfPage":{"@id":"https:\/\/ninasigel.de\/harmonie-im-dialog-tierkommunikation\/#primaryimage"},"image":{"@id":"https:\/\/ninasigel.de\/harmonie-im-dialog-tierkommunikation\/#primaryimage"},"thumbnailUrl":"https:\/\/ninasigel.de\/cms\/wp-content\/uploads\/2024\/12\/jonas-vincent-xulIYVIbYIc-unsplash-scaled.jpg","datePublished":"2024-11-28T20:50:57+00:00","dateModified":"2025-11-30T15:41:11+00:00","breadcrumb":{"@id":"https:\/\/ninasigel.de\/harmonie-im-dialog-tierkommunikation\/#breadcrumb"},"inLanguage":"en-GB","potentialAction":[{"@type":"ReadAction","target":["https:\/\/ninasigel.de\/harmonie-im-dialog-tierkommunikation\/"]}]},{"@type":"ImageObject","inLanguage":"en-GB","@id":"https:\/\/ninasigel.de\/harmonie-im-dialog-tierkommunikation\/#primaryimage","url":"https:\/\/ninasigel.de\/cms\/wp-content\/uploads\/2024\/12\/jonas-vincent-xulIYVIbYIc-unsplash-scaled.jpg","contentUrl":"https:\/\/ninasigel.de\/cms\/wp-content\/uploads\/2024\/12\/jonas-vincent-xulIYVIbYIc-unsplash-scaled.jpg"},{"@type":"BreadcrumbList","@id":"https:\/\/ninasigel.de\/harmonie-im-dialog-tierkommunikation\/#breadcrumb","itemListElement":[{"@type":"ListItem","position":1,"name":"Startseite","item":"https:\/\/ninasigel.de\/"},{"@type":"ListItem","position":2,"name":"Tierkommunikation"}]},{"@type":"WebSite","@id":"https:\/\/ninasigel.de\/#website","url":"https:\/\/ninasigel.de\/","name":"Nina Sigel - Soulful Coaching &amp; Animal Communication","description":"Soulful coaching for emotional clarity and self-management for humans and animals","potentialAction":[{"@type":"SearchAction","target":{"@type":"EntryPoint","urlTemplate":"https:\/\/ninasigel.de\/?s={search_term_string}"},"query-input":{"@type":"PropertyValueSpecification","valueRequired":true,"valueName":"search_term_string"}}],"inLanguage":"en-GB"}]}},"_links":{"self":[{"href":"https:\/\/ninasigel.de\/en\/wp-json\/wp\/v2\/pages\/410","targetHints":{"allow":["GET"]}}],"collection":[{"href":"https:\/\/ninasigel.de\/en\/wp-json\/wp\/v2\/pages"}],"about":[{"href":"https:\/\/ninasigel.de\/en\/wp-json\/wp\/v2\/types\/page"}],"author":[{"embeddable":true,"href":"https:\/\/ninasigel.de\/en\/wp-json\/wp\/v2\/users\/2"}],"replies":[{"embeddable":true,"href":"https:\/\/ninasigel.de\/en\/wp-json\/wp\/v2\/comments?post=410"}],"version-history":[{"count":125,"href":"https:\/\/ninasigel.de\/en\/wp-json\/wp\/v2\/pages\/410\/revisions"}],"predecessor-version":[{"id":2164,"href":"https:\/\/ninasigel.de\/en\/wp-json\/wp\/v2\/pages\/410\/revisions\/2164"}],"wp:attachment":[{"href":"https:\/\/ninasigel.de\/en\/wp-json\/wp\/v2\/media?parent=410"}],"curies":[{"name":"wp","href":"https:\/\/api.w.org\/{rel}","templated":true}]}}